{"id":1779,"date":"2021-05-24T20:56:44","date_gmt":"2021-05-25T01:56:44","guid":{"rendered":"https:\/\/etxeondo.co\/?post_type=product&#038;p=1779"},"modified":"2022-12-22T22:39:40","modified_gmt":"2022-12-23T03:39:40","slug":"maillot-garai","status":"publish","type":"product","link":"https:\/\/etxeondo.co\/index.php\/product\/maillot-garai\/","title":{"rendered":"MAILLOT GARAI"},"content":{"rendered":"<p>Fabricado utilizando la tecnolog\u00eda Microsystem Endurance, se proporciona a las fibras del tejido elasticidad y adaptabilidad obteniendo como resultado un maillot de ajuste entallado, aerodin\u00e1mico y que destaca por su gran comodidad y tacto agradable.<\/p>\n<p>El patr\u00f3n se elabora teniendo en cuenta tanto la velocidad como el dise\u00f1o, los paneles frontales y traseros de tejido t\u00e9cnico Endurance se ajustan a la figura del ciclista con la compresi\u00f3n adecuada, las mangas aerodin\u00e1micas de tejido t\u00e9cnico Neoair acanalado mejoran la resistencia contra el aire y se adaptan completamente al brazo del ciclista evitando cualquier tipo de inc\u00f3moda arruga y la terminaci\u00f3n del pu\u00f1o no hace uso de costura o goma al utilizar la tecnolog\u00eda de corte free cut. La zona interior del cuello se remata con un tapacosturas personalizado que mejora la est\u00e9tica y acabado evitando que se deforme con el paso del tiempo.<\/p>\n<p>Una banda antideslizante situada en la parte interior de la cintura mantiene la posici\u00f3n del maillot y evita que se suba con el paso de los kil\u00f3metros.<\/p>\n<p>Cuenta con tres bolsillos traseros el\u00e1sticos de f\u00e1cil acceso donde poder guardar cualquier objeto como el m\u00f3vil, unas llaves o alimento para la ruta. Para mejorar la visibilidad del ciclista, a primeras horas de la ma\u00f1ana o en los momentos de menos luz solar, se a\u00f1ade una banda reflectante trasera situada en la zona de mayor visibilidad.<\/p>\n<p>Colores tendencia para tus rutas en bicicleta.\u00a0<strong>GARAI<\/strong><\/p>\n","protected":false},"excerpt":{"rendered":"<h3 class=\"product-detail-description-title\" style=\"padding-left: 40px;\">Una perfecta combinaci\u00f3n de dise\u00f1o y aerodin\u00e1mica<\/h3>\n<p>Conseguir rodar m\u00e1s r\u00e1pido en carretera ya no depende solo del rendimiento, cada vez influyen m\u00e1s factores y una equipaci\u00f3n adecuada es uno de ellos. El nuevo maillot Garai est\u00e1 dise\u00f1ado para adaptarse a la figura de cualquier ciclista, de corte ajustado, ligero y que ayuda a mejorar la aerodin\u00e1mica, sin renunciar a un cuidado dise\u00f1o moderno y a su vez elegante.<\/p>\n","protected":false},"featured_media":1801,"template":"","meta":{"_acf_changed":false},"product_cat":[139,122,94,105],"product_tag":[],"class_list":{"0":"post-1779","1":"product","2":"type-product","3":"status-publish","4":"has-post-thumbnail","6":"product_cat-dsi01","7":"product_cat-garai","8":"product_cat-hombre","9":"product_cat-maillot-hombre","10":"pa_color-garai-essencials-essentials-aero-jersey-amarillo","11":"pa_color-azul-turquesa","12":"pa_color-coral","13":"pa_color-frambuesa-naranja","14":"pa_color-gris","15":"pa_color-gris-coral","16":"pa_color-rosa-claro","17":"pa_color-verde-lima","19":"first","20":"instock","21":"sale","22":"taxable","23":"shipping-taxable","24":"purchasable","25":"product-type-variable","26":"has-default-attributes","27":"wvs-archive-product-wrapper","28":"rtwpvg-product"},"acf":[],"_links":{"self":[{"href":"https:\/\/etxeondo.co\/index.php\/wp-json\/wp\/v2\/product\/1779","targetHints":{"allow":["GET"]}}],"collection":[{"href":"https:\/\/etxeondo.co\/index.php\/wp-json\/wp\/v2\/product"}],"about":[{"href":"https:\/\/etxeondo.co\/index.php\/wp-json\/wp\/v2\/types\/product"}],"wp:featuredmedia":[{"embeddable":true,"href":"https:\/\/etxeondo.co\/index.php\/wp-json\/wp\/v2\/media\/1801"}],"wp:attachment":[{"href":"https:\/\/etxeondo.co\/index.php\/wp-json\/wp\/v2\/media?parent=1779"}],"wp:term":[{"taxonomy":"product_cat","embeddable":true,"href":"https:\/\/etxeondo.co\/index.php\/wp-json\/wp\/v2\/product_cat?post=1779"},{"taxonomy":"product_tag","embeddable":true,"href":"https:\/\/etxeondo.co\/index.php\/wp-json\/wp\/v2\/product_tag?post=1779"}],"curies":[{"name":"wp","href":"https:\/\/api.w.org\/{rel}","templated":true}]}}