{"id":1891,"date":"2021-05-25T15:37:27","date_gmt":"2021-05-25T20:37:27","guid":{"rendered":"https:\/\/etxeondo.co\/?post_type=product&#038;p=1891"},"modified":"2022-10-20T11:17:35","modified_gmt":"2022-10-20T16:17:35","slug":"maillot-batu","status":"publish","type":"product","link":"https:\/\/etxeondo.co\/index.php\/product\/maillot-batu\/","title":{"rendered":"MAILLOT BATU"},"content":{"rendered":"<p style=\"padding-left: 40px;\">Fabricado utilizando la tecnolog\u00eda Microsystem Superdry, se aporta a las fibras del tejido propiedades para absorber y eliminar el exceso de humedad. En las mangas se aplica la tecnolog\u00eda Microsystem Endurance, proporcionando a las fibras del tejido elasticidad y adaptabilidad. El resultado es un maillot transpirable y confortable.<\/p>\n<p>El patr\u00f3n se dise\u00f1a para ofrecer un maillot de uso diario v\u00e1lido para cualquier sesi\u00f3n de entrenamiento, los paneles frontales y traseros se confeccionan en tejido t\u00e9cnico Superdry microperforado para ofrecer un buen nivel de transpiraci\u00f3n y r\u00e1pido secado, las mangas en tejido t\u00e9cnico Endurance para conseguir un ajuste adecuado al brazo con una compresi\u00f3n media, tapacosturas personalizado en cuello que mejora la est\u00e9tica y acabado evitando que se deforme con el paso del tiempo y una banda antideslizante situada en la parte interior de la cintura mantiene la posici\u00f3n del maillot y evita que se suba con el paso de los kil\u00f3metros.<\/p>\n<p>Cuenta con tres bolsillos traseros el\u00e1sticos de f\u00e1cil acceso donde poder guardar cualquier objeto como el m\u00f3vil, unas llaves o alimento para la ruta. Para mejorar la visibilidad del ciclista, a primeras horas de la ma\u00f1ana o en los momentos de menos luz solar, se a\u00f1ade una banda reflectante trasera situada en la zona de mayor visibilidad.<\/p>\n<p>Apuesta por nuestra calidad y conocimiento.\u00a0<strong>BATU<\/strong><\/p>\n","protected":false},"excerpt":{"rendered":"<h3 class=\"product-detail-description-title\">Comodidad y rendimiento a partes iguales<\/h3>\n<p>Los entrenamientos de diario suponen gran parte de los kil\u00f3metros que se realizan sobre la bicicleta durante el a\u00f1o, el nuevo maillot Batu est\u00e1 dise\u00f1ado para ofrecer un excelente confort de marcha sin renunciar a las prestaciones necesarias para todo tipo de entrenamientos.<\/p>\n","protected":false},"featured_media":3545,"template":"","meta":{"_acf_changed":false},"product_cat":[121,139,94,105],"product_tag":[],"class_list":{"0":"post-1891","1":"product","2":"type-product","3":"status-publish","4":"has-post-thumbnail","6":"product_cat-batu","7":"product_cat-dsi01","8":"product_cat-hombre","9":"product_cat-maillot-hombre","10":"pa_color-azul-metalico","11":"pa_color-coral","12":"pa_color-marfil","13":"pa_color-negro","14":"pa_color-rojo-cereza","15":"pa_color-violeta","17":"first","18":"instock","19":"taxable","20":"shipping-taxable","21":"purchasable","22":"product-type-variable","23":"has-default-attributes","24":"wvs-archive-product-wrapper","25":"rtwpvg-product"},"acf":[],"_links":{"self":[{"href":"https:\/\/etxeondo.co\/index.php\/wp-json\/wp\/v2\/product\/1891","targetHints":{"allow":["GET"]}}],"collection":[{"href":"https:\/\/etxeondo.co\/index.php\/wp-json\/wp\/v2\/product"}],"about":[{"href":"https:\/\/etxeondo.co\/index.php\/wp-json\/wp\/v2\/types\/product"}],"wp:featuredmedia":[{"embeddable":true,"href":"https:\/\/etxeondo.co\/index.php\/wp-json\/wp\/v2\/media\/3545"}],"wp:attachment":[{"href":"https:\/\/etxeondo.co\/index.php\/wp-json\/wp\/v2\/media?parent=1891"}],"wp:term":[{"taxonomy":"product_cat","embeddable":true,"href":"https:\/\/etxeondo.co\/index.php\/wp-json\/wp\/v2\/product_cat?post=1891"},{"taxonomy":"product_tag","embeddable":true,"href":"https:\/\/etxeondo.co\/index.php\/wp-json\/wp\/v2\/product_tag?post=1891"}],"curies":[{"name":"wp","href":"https:\/\/api.w.org\/{rel}","templated":true}]}}