{"id":3390,"date":"2021-10-01T10:06:39","date_gmt":"2021-10-01T15:06:39","guid":{"rendered":"https:\/\/etxeondo.co\/?post_type=product&#038;p=3390"},"modified":"2022-10-20T11:16:58","modified_gmt":"2022-10-20T16:16:58","slug":"maillot-alda","status":"publish","type":"product","link":"https:\/\/etxeondo.co\/index.php\/product\/maillot-alda\/","title":{"rendered":"MAILLOT ALDA"},"content":{"rendered":"<p>Fabricado utilizando la tecnolog\u00eda Microsystem Performance, se proporciona a las fibras del tejido elasticidad, adaptabilidad y consistencia obteniendo como resultado un maillot de ajuste entallado y compresivo que tambi\u00e9n destaca por su excelente nivel de transpiraci\u00f3n y agradable sensaci\u00f3n de confort al contacto con la piel.<\/p>\n<p>El patr\u00f3n se dise\u00f1a con el objetivo de mejorar el rendimiento del ciclista, paneles frontales y traseros de tejido t\u00e9cnico Performance que mejoran la resistencia contra el aire con una excelente adaptabilidad a la anatom\u00eda del ciclista, mangas aerodin\u00e1micas que se ajustan como una segunda piel, sin costuras o goma en la terminaci\u00f3n del pu\u00f1o al utilizar la tecnolog\u00eda de corte free cut, la zona interior del cuello se remata con un tapacosturas personalizado que mejora la est\u00e9tica y acabado evitando que se deforme con el paso del tiempo y una banda antideslizante situada en la parte interior de la cintura mantiene la posici\u00f3n del maillot y evita que se suba con el paso de los kil\u00f3metros.<\/p>\n<p>Cuenta con tres bolsillos traseros el\u00e1sticos de f\u00e1cil acceso donde poder guardar cualquier objeto como el m\u00f3vil, unas llaves o alimento para la ruta. El bolsillo izquierdo del maillot cuenta con una pr\u00e1ctica y c\u00f3moda apertura lateral, el bolsillo ecol\u00f3gico Green Pocket, donde poder guardar cualquier envoltorio de alimento que se utilice durante la ruta y una vez finalizada la salida, poder depositarlo en el contenedor de reciclaje.<\/p>\n<p>Para mejorar la visibilidad del ciclista, a primeras horas de la ma\u00f1ana o en los momentos de menos luz solar, se a\u00f1ade una banda reflectante trasera situada en la zona de mayor visibilidad.<\/p>\n<p>Nuestro objetivo, tu rendimiento. <strong>ALDA<\/strong><\/p>\n","protected":false},"excerpt":{"rendered":"<h3>Rinde al m\u00e1ximo nivel sin importar el terreno al que te enfrentes<\/h3>\n<p>No importa que se trate de un exigente entrenamiento en solitario, una ruta en compa\u00f1\u00eda de tus amigos o una competici\u00f3n a la que tanto tiempo has dedicado, el objetivo principal siempre ser\u00e1 el mismo, rendir al m\u00e1ximo nivel. El nuevo maillot Alda est\u00e1 dise\u00f1ado para optimizar la aerodin\u00e1mica y compresi\u00f3n muscular obteniendo tu mejor rendimiento en cualquier situaci\u00f3n.<\/p>\n<p>&nbsp;<\/p>\n","protected":false},"featured_media":3401,"template":"","meta":{"_acf_changed":false},"product_cat":[136,139,124,114,95],"product_tag":[],"class_list":{"0":"post-3390","1":"product","2":"type-product","3":"status-publish","4":"has-post-thumbnail","6":"product_cat-alda-maillot-mujer","7":"product_cat-dsi01","8":"product_cat-garaia","9":"product_cat-maillot-mujer","10":"product_cat-mujer-activewear-maillots-colombia","11":"pa_color-color","12":"pa_color-negro","13":"pa_color-pistacho","14":"pa_color-verde-esmeralda","16":"first","17":"instock","18":"sale","19":"taxable","20":"shipping-taxable","21":"purchasable","22":"product-type-variable","23":"has-default-attributes","24":"wvs-archive-product-wrapper","25":"rtwpvg-product"},"acf":[],"_links":{"self":[{"href":"https:\/\/etxeondo.co\/index.php\/wp-json\/wp\/v2\/product\/3390","targetHints":{"allow":["GET"]}}],"collection":[{"href":"https:\/\/etxeondo.co\/index.php\/wp-json\/wp\/v2\/product"}],"about":[{"href":"https:\/\/etxeondo.co\/index.php\/wp-json\/wp\/v2\/types\/product"}],"wp:featuredmedia":[{"embeddable":true,"href":"https:\/\/etxeondo.co\/index.php\/wp-json\/wp\/v2\/media\/3401"}],"wp:attachment":[{"href":"https:\/\/etxeondo.co\/index.php\/wp-json\/wp\/v2\/media?parent=3390"}],"wp:term":[{"taxonomy":"product_cat","embeddable":true,"href":"https:\/\/etxeondo.co\/index.php\/wp-json\/wp\/v2\/product_cat?post=3390"},{"taxonomy":"product_tag","embeddable":true,"href":"https:\/\/etxeondo.co\/index.php\/wp-json\/wp\/v2\/product_tag?post=3390"}],"curies":[{"name":"wp","href":"https:\/\/api.w.org\/{rel}","templated":true}]}}