{"id":3519,"date":"2022-06-07T10:25:49","date_gmt":"2022-06-07T15:25:49","guid":{"rendered":"https:\/\/etxeondo.co\/?post_type=product&#038;p=3519"},"modified":"2022-10-19T11:53:42","modified_gmt":"2022-10-19T16:53:42","slug":"maillot-beira","status":"publish","type":"product","link":"https:\/\/etxeondo.co\/index.php\/product\/maillot-beira\/","title":{"rendered":"MAILLOT BEIRA"},"content":{"rendered":"<p>El nuevo maillot Beira est\u00e1 redise\u00f1ado en su totalidad, mantiene las mismas tecnolog\u00edas y concepto que el modelo anterior, pero se desarrolla desde cero atendiendo a las necesidades que nos trasladan los corredores profesionales para enfrentarse a las etapas m\u00e1s calurosas del verano.<\/p>\n<p>Tecnolog\u00eda Microsystem Airplus y Microsystem Performance para dar forma a un maillot ultraligero de tan solo 109 gramos de peso, con un ajuste entallado de competici\u00f3n que ofrece la m\u00e1xima transpiraci\u00f3n posible con un r\u00e1pido secado de las fibras del tejido.<\/p>\n<p>Los paneles interiores de las mangas, la parte frontal desde el pecho y gran parte de la espalda se fabrican con tecnolog\u00eda Airplus y tejido high-mesh que act\u00faa como sistema de refrigeraci\u00f3n corporal gracias a la estructura de celdas del tejido, consiguiendo un r\u00e1pido secado, alta transpiraci\u00f3n y control de la humedad. Se a\u00f1ade una cremallera frontal con bloqueo, ultraligera y de bajo volumen que permite abrir el maillot, si fuera necesario, con una sola mano evitando soltarlas del manillar.<\/p>\n<p>Tecnolog\u00eda Microsystem Performance aplicada en el tejido de las mangas y partes superiores frontales y traseras. El tejido t\u00e9cnico es seleccionado atendiendo a sus caracter\u00edsticas de ajuste y resistencia a los rayos uva con el fin de proteger las zonas m\u00e1s expuestas al sol y permitir un ajuste entallado dando la sensaci\u00f3n de no llevar nada sobre la piel.<\/p>\n<p>Gracias a una banda el\u00e1stica situada en la parte interior de la cintura, con micro inserciones de silicona antideslizantes, se consigue un ajuste preciso del maillot con una posici\u00f3n que se mantiene estable con el paso de los kil\u00f3metros.<\/p>\n<p>Tres bolsillos traseros el\u00e1sticos situados a la altura perfecta para poder acceder con total comodidad y bolsillo lateral ecol\u00f3gico Green Pocket donde poder guardar cualquier envoltorio evitando manchar otros objetos y facilitar su posterior reciclado.<\/p>\n<p>Para mejorar la visibilidad del ciclista, a primeras horas de la ma\u00f1ana o en los momentos de menos luz solar, se a\u00f1ade una banda reflectante trasera situada en la zona de mayor visibilidad.<\/p>\n<p>Rinde al m\u00e1ximo nivel en los d\u00edas m\u00e1s calurosos del verano.\u00a0<strong>BEIRA<\/strong><\/p>\n","protected":false},"excerpt":{"rendered":"<h3>Creado en las etapas m\u00e1s calurosas del circuito profesional<\/h3>\n<p>No importa que se trate de un exigente entrenamiento en solitario, una ruta en compa\u00f1\u00eda de tus amigos o una competici\u00f3n a la que tanto tiempo has dedicado, el objetivo principal siempre ser\u00e1 el mismo, rendir al m\u00e1ximo nivel. El nuevo maillot Alda est\u00e1 dise\u00f1ado para optimizar la aerodin\u00e1mica y compresi\u00f3n muscular obteniendo tu mejor rendimiento en cualquier situaci\u00f3n.<\/p>\n","protected":false},"featured_media":3550,"template":"","meta":{"_acf_changed":false},"product_cat":[148,147,139,94,105],"product_tag":[],"class_list":{"0":"post-3519","1":"product","2":"type-product","3":"status-publish","4":"has-post-thumbnail","6":"product_cat-beira-maillot-hombre","7":"product_cat-beira","8":"product_cat-dsi01","9":"product_cat-hombre","10":"product_cat-maillot-hombre","11":"pa_color-color","12":"pa_color-negro","13":"pa_color-pistacho","14":"pa_color-verde-esmeralda","16":"first","17":"instock","18":"taxable","19":"shipping-taxable","20":"purchasable","21":"product-type-variable","22":"has-default-attributes","23":"wvs-archive-product-wrapper","24":"rtwpvg-product"},"acf":[],"_links":{"self":[{"href":"https:\/\/etxeondo.co\/index.php\/wp-json\/wp\/v2\/product\/3519","targetHints":{"allow":["GET"]}}],"collection":[{"href":"https:\/\/etxeondo.co\/index.php\/wp-json\/wp\/v2\/product"}],"about":[{"href":"https:\/\/etxeondo.co\/index.php\/wp-json\/wp\/v2\/types\/product"}],"wp:featuredmedia":[{"embeddable":true,"href":"https:\/\/etxeondo.co\/index.php\/wp-json\/wp\/v2\/media\/3550"}],"wp:attachment":[{"href":"https:\/\/etxeondo.co\/index.php\/wp-json\/wp\/v2\/media?parent=3519"}],"wp:term":[{"taxonomy":"product_cat","embeddable":true,"href":"https:\/\/etxeondo.co\/index.php\/wp-json\/wp\/v2\/product_cat?post=3519"},{"taxonomy":"product_tag","embeddable":true,"href":"https:\/\/etxeondo.co\/index.php\/wp-json\/wp\/v2\/product_tag?post=3519"}],"curies":[{"name":"wp","href":"https:\/\/api.w.org\/{rel}","templated":true}]}}