{"id":3758,"date":"2022-10-20T10:16:49","date_gmt":"2022-10-20T15:16:49","guid":{"rendered":"https:\/\/etxeondo.co\/?post_type=product&#038;p=3758"},"modified":"2023-06-06T14:56:01","modified_gmt":"2023-06-06T19:56:01","slug":"culote-koma-st","status":"publish","type":"product","link":"https:\/\/etxeondo.co\/index.php\/product\/culote-koma-st\/","title":{"rendered":"CULOTE KOMA ST"},"content":{"rendered":"<p>Un culote para cualquier disciplina y ciclista. Nuestro entrada en gama sin renunciar a la calidad y el confort que nos caracteriza. Confeccionado con tejido Powersystem Active que aporta elasticidad y adaptabilidad, obteniendo un culote de tacto excelente, el\u00e1stico y con una sujeci\u00f3n estable que se adapta a la anatom\u00eda de cualquier ciclista. Badana Udana de espuma de alta densidad con memoria y tratamiento antibacteriano.<\/p>\n","protected":false},"excerpt":{"rendered":"<p>Un culote para cualquier disciplina y ciclista. Nuestro entrada en gama sin renunciar a la calidad y el confort que nos caracteriza. Confeccionado con tejido Powersystem Active que aporta elasticidad y adaptabilidad, obteniendo un culote de tacto excelente, el\u00e1stico y con una sujeci\u00f3n estable que se adapta a la anatom\u00eda de cualquier ciclista. Badana Udana [&hellip;]<\/p>\n","protected":false},"featured_media":3763,"template":"","meta":{"_acf_changed":false},"product_cat":[106,139,94,125,154],"product_tag":[],"class_list":{"0":"post-3758","1":"product","2":"type-product","3":"status-publish","4":"has-post-thumbnail","6":"product_cat-culote-hombre","7":"product_cat-dsi01","8":"product_cat-hombre","9":"product_cat-orhi","10":"product_cat-orhi-dinamic-culote-hombre","11":"pa_color-negro","13":"first","14":"instock","15":"sale","16":"taxable","17":"shipping-taxable","18":"purchasable","19":"product-type-simple"},"acf":[],"_links":{"self":[{"href":"https:\/\/etxeondo.co\/index.php\/wp-json\/wp\/v2\/product\/3758","targetHints":{"allow":["GET"]}}],"collection":[{"href":"https:\/\/etxeondo.co\/index.php\/wp-json\/wp\/v2\/product"}],"about":[{"href":"https:\/\/etxeondo.co\/index.php\/wp-json\/wp\/v2\/types\/product"}],"wp:featuredmedia":[{"embeddable":true,"href":"https:\/\/etxeondo.co\/index.php\/wp-json\/wp\/v2\/media\/3763"}],"wp:attachment":[{"href":"https:\/\/etxeondo.co\/index.php\/wp-json\/wp\/v2\/media?parent=3758"}],"wp:term":[{"taxonomy":"product_cat","embeddable":true,"href":"https:\/\/etxeondo.co\/index.php\/wp-json\/wp\/v2\/product_cat?post=3758"},{"taxonomy":"product_tag","embeddable":true,"href":"https:\/\/etxeondo.co\/index.php\/wp-json\/wp\/v2\/product_tag?post=3758"}],"curies":[{"name":"wp","href":"https:\/\/api.w.org\/{rel}","templated":true}]}}