{"id":3765,"date":"2022-10-20T11:12:45","date_gmt":"2022-10-20T16:12:45","guid":{"rendered":"https:\/\/etxeondo.co\/?post_type=product&#038;p=3765"},"modified":"2023-06-06T14:55:53","modified_gmt":"2023-06-06T19:55:53","slug":"culote-corto-orhi-dyneema","status":"publish","type":"product","link":"https:\/\/etxeondo.co\/index.php\/product\/culote-corto-orhi-dyneema\/","title":{"rendered":"CULOTE CORTO ORHI DYNEEMA"},"content":{"rendered":"<p>Un culote de alto rendimiento con un plus de seguridad, testeado en el circuito WorldTour. Confeccionado combinando dos tejidos, Powersystem Performance que aporta al culote las cualidades de compresi\u00f3n, ligereza, transpirabilidad y adaptabilidad, fibra Dyneema en los laterales para mejorar la seguridad en caso de ca\u00edda. Badana Urraki de espuma viscoel\u00e1stica de alta densidad con memoria, rendimiento y confort superior.<\/p>\n","protected":false},"excerpt":{"rendered":"<p>Un culote de alto rendimiento con un plus de seguridad, testeado en el circuito WorldTour. Confeccionado combinando dos tejidos, Powersystem Performance que aporta al culote las cualidades de compresi\u00f3n, ligereza, transpirabilidad y adaptabilidad, fibra Dyneema en los laterales para mejorar la seguridad en caso de ca\u00edda. Badana Urraki de espuma viscoel\u00e1stica de alta densidad con [&hellip;]<\/p>\n","protected":false},"featured_media":3766,"template":"","meta":{"_acf_changed":false},"product_cat":[160,106,140,94],"product_tag":[],"class_list":{"0":"post-3765","1":"product","2":"type-product","3":"status-publish","4":"has-post-thumbnail","6":"product_cat-culote-corto-orhi","7":"product_cat-culote-hombre","8":"product_cat-dsi02","9":"product_cat-hombre","10":"pa_color-negro","12":"first","13":"outofstock","14":"sale","15":"taxable","16":"shipping-taxable","17":"purchasable","18":"product-type-simple"},"acf":[],"_links":{"self":[{"href":"https:\/\/etxeondo.co\/index.php\/wp-json\/wp\/v2\/product\/3765","targetHints":{"allow":["GET"]}}],"collection":[{"href":"https:\/\/etxeondo.co\/index.php\/wp-json\/wp\/v2\/product"}],"about":[{"href":"https:\/\/etxeondo.co\/index.php\/wp-json\/wp\/v2\/types\/product"}],"wp:featuredmedia":[{"embeddable":true,"href":"https:\/\/etxeondo.co\/index.php\/wp-json\/wp\/v2\/media\/3766"}],"wp:attachment":[{"href":"https:\/\/etxeondo.co\/index.php\/wp-json\/wp\/v2\/media?parent=3765"}],"wp:term":[{"taxonomy":"product_cat","embeddable":true,"href":"https:\/\/etxeondo.co\/index.php\/wp-json\/wp\/v2\/product_cat?post=3765"},{"taxonomy":"product_tag","embeddable":true,"href":"https:\/\/etxeondo.co\/index.php\/wp-json\/wp\/v2\/product_tag?post=3765"}],"curies":[{"name":"wp","href":"https:\/\/api.w.org\/{rel}","templated":true}]}}