{"id":3879,"date":"2023-12-14T10:54:30","date_gmt":"2023-12-14T15:54:30","guid":{"rendered":"https:\/\/etxeondo.co\/?post_type=product&#038;p=3879"},"modified":"2023-12-14T11:57:48","modified_gmt":"2023-12-14T16:57:48","slug":"maillot-alde-3","status":"publish","type":"product","link":"https:\/\/etxeondo.co\/index.php\/product\/maillot-alde-3\/","title":{"rendered":"MAILLOT ALDE"},"content":{"rendered":"<p>Fabricado utilizando la tecnolog\u00eda Microsystem Performance, se proporciona a las fibras del tejido elasticidad, adaptabilidad y consistencia obteniendo como resultado un maillot de ajuste entallado y compresivo que tambi\u00e9n destaca por su excelente nivel de transpiraci\u00f3n y agradable sensaci\u00f3n de confort al contacto con la piel.<\/p>\n<p>El patr\u00f3n se dise\u00f1a con el objetivo de mejorar el rendimiento del ciclista, paneles frontales y traseros de tejido t\u00e9cnico Performance que mejoran la resistencia contra el aire con una excelente adaptabilidad a la anatom\u00eda del ciclista, mangas aerodin\u00e1micas que se ajustan como una segunda piel, sin costuras o goma en la terminaci\u00f3n del pu\u00f1o al utilizar la tecnolog\u00eda de corte free cut, la zona interior del cuello se remata con un tapacosturas personalizado que mejora la est\u00e9tica y acabado evitando que se deforme con el paso del tiempo y una banda antideslizante situada en la parte interior de la cintura mantiene la posici\u00f3n del maillot y evita que se suba con el paso de los kil\u00f3metros.<\/p>\n<p>Cuenta con tres bolsillos traseros el\u00e1sticos de f\u00e1cil acceso donde poder guardar cualquier objeto como el m\u00f3vil, unas llaves o alimento para la ruta. El bolsillo izquierdo del maillot cuenta con una pr\u00e1ctica y c\u00f3moda apertura lateral, el bolsillo ecol\u00f3gico Green Pocket, donde poder guardar cualquier envoltorio de alimento que se utilice durante la ruta y una vez finalizada la salida, poder depositarlo en el contenedor de reciclaje.<\/p>\n<p>Para mejorar la visibilidad del ciclista, a primeras horas de la ma\u00f1ana o en los momentos de menos luz solar, se a\u00f1ade una banda reflectante trasera situada en la zona de mayor visibilidad.<\/p>\n<p>Nuestro objetivo, tu rendimiento. <strong>ALDE<\/strong><\/p>\n<p>COMPOSICI\u00d3N:<\/p>\n<p>72% POLIAMIDA 28% ELASTANO. TIPO DE TEJIDO: TEJIDO MYCROSITEM PERFORMANCE.<\/p>\n","protected":false},"excerpt":{"rendered":"<div class=\"page\" title=\"Page 12\">\n<div class=\"section\">\n<div class=\"layoutArea\">\n<div class=\"column\">\n<p>Un maillot para rendir al ma\u0301ximo nivel en cualquier recorrido. Disen\u0303ado para optimizar<br \/>\nla aerodina\u0301mica y compresio\u0301n muscular. Confeccionado con tejido Microsystem Performance para conseguir un maillot ligero y de corte ajustado con una excelente adaptabilidad a la anotomi\u0301a del ciclista. El tejido ofrece una agradable sensacio\u0301n de confort al contacto con la piel y un excelente nivel de transpiracio\u0301n.<\/p>\n<\/div>\n<\/div>\n<\/div>\n<\/div>\n","protected":false},"featured_media":3537,"template":"","meta":{"_acf_changed":false},"product_cat":[138,139,94,105],"product_tag":[],"class_list":{"0":"post-3879","1":"product","2":"type-product","3":"status-publish","4":"has-post-thumbnail","6":"product_cat-alde","7":"product_cat-dsi01","8":"product_cat-hombre","9":"product_cat-maillot-hombre","10":"pa_color-lila","12":"first","13":"instock","14":"taxable","15":"shipping-taxable","16":"purchasable","17":"product-type-variable","18":"wvs-archive-product-wrapper","19":"rtwpvg-product"},"acf":[],"_links":{"self":[{"href":"https:\/\/etxeondo.co\/index.php\/wp-json\/wp\/v2\/product\/3879","targetHints":{"allow":["GET"]}}],"collection":[{"href":"https:\/\/etxeondo.co\/index.php\/wp-json\/wp\/v2\/product"}],"about":[{"href":"https:\/\/etxeondo.co\/index.php\/wp-json\/wp\/v2\/types\/product"}],"wp:featuredmedia":[{"embeddable":true,"href":"https:\/\/etxeondo.co\/index.php\/wp-json\/wp\/v2\/media\/3537"}],"wp:attachment":[{"href":"https:\/\/etxeondo.co\/index.php\/wp-json\/wp\/v2\/media?parent=3879"}],"wp:term":[{"taxonomy":"product_cat","embeddable":true,"href":"https:\/\/etxeondo.co\/index.php\/wp-json\/wp\/v2\/product_cat?post=3879"},{"taxonomy":"product_tag","embeddable":true,"href":"https:\/\/etxeondo.co\/index.php\/wp-json\/wp\/v2\/product_tag?post=3879"}],"curies":[{"name":"wp","href":"https:\/\/api.w.org\/{rel}","templated":true}]}}