{"id":3908,"date":"2023-12-14T14:35:39","date_gmt":"2023-12-14T19:35:39","guid":{"rendered":"https:\/\/etxeondo.co\/?post_type=product&#038;p=3908"},"modified":"2023-12-14T14:59:48","modified_gmt":"2023-12-14T19:59:48","slug":"culote-corto-orhi-copia","status":"publish","type":"product","link":"https:\/\/etxeondo.co\/index.php\/product\/culote-corto-orhi-copia\/","title":{"rendered":"CULOTE CORTO ORHI"},"content":{"rendered":"<h3 class=\"product-description-long-title\"><strong>Alto rendimiento, uso de competici\u00f3n<\/strong><\/h3>\n<p>El nuevo culote Orhi perfecciona a\u00fan m\u00e1s si cabe todas las versiones anteriores. Rendimiento y confort al m\u00e1s alto nivel tanto para un d\u00eda de entrenamiento como para disputar en la m\u00e1s alta competici\u00f3n.<\/p>\n<p>Tecnolog\u00eda Powersystem Performance que ofrece un mayor ajuste, confort y ligereza para que kil\u00f3metro tras kil\u00f3metro, el rendimiento y comodidad sea un factor diferenciador, permitiendo al ciclista concentrar todos los sentidos en su bicicleta y la carretera. Puesto a prueba en las grandes vueltas del ciclismo profesional con los mejores resultados.<\/p>\n<p>Incorpora la badana Urraki, una badana de m\u00e1ximo rendimiento muy apreciada y valorada entre los ciclistas profesionales. Compuesta por diferentes piezas de espuma viscoel\u00e1stica de alta recuperaci\u00f3n con memoria, cada una de ellas con la densidad precisa seg\u00fan la zona a proteger para evitar puntos de presi\u00f3n y mejorar el apoyo sobre el sill\u00edn.<\/p>\n<p>La badana se fabrica con tejido exterior de microfibra para reducir la temperatura de la piel con la fricci\u00f3n, sin uso de pegamento o estampados exteriores para evitar reacciones al\u00e9rgicas y con tratamiento antibacteriano.<\/p>\n<p>La tecnolog\u00eda Precision &amp; Movement permite dar la forma anat\u00f3mica perfecta a la badana para que el posicionamiento en el culote sea simplemente excelente y se confecciona con hilo el\u00e1stico de la m\u00e1xima calidad para conseguir una costura flexible que ofrece una alta adaptaci\u00f3n de la badana a la anatom\u00eda del ciclista.<\/p>\n<p>Descubre por ti mismo uno de los mejores culotes del mercado.\u00a0<strong>ORHI<\/strong><\/p>\n","protected":false},"excerpt":{"rendered":"<h3 class=\"product-detail-description-title\">Alto rendimiento, uso de competici\u00f3n<\/h3>\n<p>El nuevo culote Orhi perfecciona a\u00fan m\u00e1s si cabe todas las versiones anteriores. Rendimiento y confort al m\u00e1s alto nivel tanto para un d\u00eda de entrenamiento como para disputar en la m\u00e1s alta competici\u00f3n.<\/p>\n","protected":false},"featured_media":3927,"template":"","meta":{"_acf_changed":false},"product_cat":[106,139,94,125],"product_tag":[],"class_list":{"0":"post-3908","1":"product","2":"type-product","3":"status-publish","4":"has-post-thumbnail","6":"product_cat-culote-hombre","7":"product_cat-dsi01","8":"product_cat-hombre","9":"product_cat-orhi","10":"pa_color-petroleo","12":"first","13":"instock","14":"taxable","15":"shipping-taxable","16":"purchasable","17":"product-type-variable","18":"wvs-archive-product-wrapper","19":"rtwpvg-product"},"acf":[],"_links":{"self":[{"href":"https:\/\/etxeondo.co\/index.php\/wp-json\/wp\/v2\/product\/3908","targetHints":{"allow":["GET"]}}],"collection":[{"href":"https:\/\/etxeondo.co\/index.php\/wp-json\/wp\/v2\/product"}],"about":[{"href":"https:\/\/etxeondo.co\/index.php\/wp-json\/wp\/v2\/types\/product"}],"wp:featuredmedia":[{"embeddable":true,"href":"https:\/\/etxeondo.co\/index.php\/wp-json\/wp\/v2\/media\/3927"}],"wp:attachment":[{"href":"https:\/\/etxeondo.co\/index.php\/wp-json\/wp\/v2\/media?parent=3908"}],"wp:term":[{"taxonomy":"product_cat","embeddable":true,"href":"https:\/\/etxeondo.co\/index.php\/wp-json\/wp\/v2\/product_cat?post=3908"},{"taxonomy":"product_tag","embeddable":true,"href":"https:\/\/etxeondo.co\/index.php\/wp-json\/wp\/v2\/product_tag?post=3908"}],"curies":[{"name":"wp","href":"https:\/\/api.w.org\/{rel}","templated":true}]}}